{"id":546,"date":"2023-03-09T12:55:50","date_gmt":"2023-03-09T11:55:50","guid":{"rendered":"https:\/\/vibrationsdevie.com\/?page_id=30"},"modified":"2024-03-25T15:24:36","modified_gmt":"2024-03-25T14:24:36","slug":"a-propos","status":"publish","type":"page","link":"https:\/\/marionrollandsa.com\/index.php\/a-propos\/","title":{"rendered":"La sophro Analyse des m\u00e9moires pr\u00e9natales de la naissance et de l\u2019enfance\u00a0"},"content":{"rendered":"\n<div class=\"wp-block-media-text alignwide is-stacked-on-mobile\" style=\"grid-template-columns:35% auto\"><figure class=\"wp-block-media-text__media\"><img loading=\"lazy\" decoding=\"async\" width=\"1024\" height=\"682\" src=\"https:\/\/marionrollandsa.com\/wp-content\/uploads\/2024\/01\/trees-3822149_1280-1024x682.jpg\" alt=\"\" class=\"wp-image-21 size-thumbnail\" srcset=\"https:\/\/marionrollandsa.com\/wp-content\/uploads\/2024\/01\/trees-3822149_1280-1024x682.jpg 1024w, https:\/\/marionrollandsa.com\/wp-content\/uploads\/2024\/01\/trees-3822149_1280-300x200.jpg 300w, https:\/\/marionrollandsa.com\/wp-content\/uploads\/2024\/01\/trees-3822149_1280-768x511.jpg 768w, https:\/\/marionrollandsa.com\/wp-content\/uploads\/2024\/01\/trees-3822149_1280.jpg 1280w\" sizes=\"auto, (max-width: 1024px) 100vw, 1024px\" \/><\/figure><div class=\"wp-block-media-text__content\">\n<p><\/p>\n\n\n\n<p>La sophro-Analyse VAC\u00ae<font _mstmutation=\"1\" _msttexthash=\"2002975\" _msthash=\"387\"> (Votre \u00e2me aux commandes) est une th\u00e9rapie br\u00e8ve, (20aine de s\u00e9ances). Cette approche int\u00e8gre des techniques de relaxation, de visualisation et d\u2019exploration psychique (\u00e9motions, pens\u00e9es, souvenirs inconscients). Gr\u00e2ce \u00e0 cette m\u00e9thode, vous pourrez revisiter des \u00e9v\u00e8nements pass\u00e9s qui ont \u00e9t\u00e9 marquants \u00e9motionnellement, afin de <\/font><font _mstmutation=\"1\"><\/font><\/p>\n\n\n\n<ul class=\"wp-block-list\">\n<li><font _mstmutation=\"1\" _msttexthash=\"287067547\" _msthash=\"388\">comprendre leurs impacts dans votre vie actuelle<\/font><\/li>\n\n\n\n<li><font _mstmutation=\"1\" _msttexthash=\"287067547\" _msthash=\"388\">lib\u00e9rer les \u00e9motions, les croyances limitantes et blocages qui y sont associ\u00e9s<\/font><font _mstmutation=\"1\"><\/font><\/li>\n<\/ul>\n\n\n\n<p><font _mstmutation=\"1\" _msttexthash=\"29499119\" _msthash=\"388\">Des \u00e9v\u00e8nements que l\u2019on appelle empreintes et que l\u2019on retrouve souvent d\u00e8s les premiers instants de vie (intra-ut\u00e9rine, naissance, enfance) ou encore dans les bagages karmiques et g\u00e9n\u00e9alogiques&#8230;<\/font><\/p>\n\n\n\n<p><font _mstmutation=\"1\" _msttexthash=\"4189536\" _msthash=\"3158\"> En identifiant les sch\u00e9mas r\u00e9p\u00e9titifs et les blocages qui en d\u00e9coulent, vous pour<\/font><font _mstmutation=\"1\" _msttexthash=\"10374\" _msthash=\"3193\">r<\/font><font _mstmutation=\"1\" _msttexthash=\"12295166\" _msthash=\"3158\">ez alors les transformer pour acc\u00e9der \u00e0 une nouvelle forme de libert\u00e9 et d\u2019\u00e9panouissement.<\/font><font _mstmutation=\"1\"><\/font><\/p>\n<\/div><\/div>\n\n\n\n<p><font _mstmutation=\"1\"><\/font><\/p>\n\n\n\n<div class=\"wp-block-media-text alignwide has-media-on-the-right is-stacked-on-mobile\" style=\"grid-template-columns:auto 28%\"><div class=\"wp-block-media-text__content\">\n<p><font _mstmutation=\"1\" _msttexthash=\"70411055\" _msthash=\"469\">La m\u00e9thode \u00ab&nbsp;Votre \u00e2me aux commandes&nbsp;\u00bb est bas\u00e9e sur l\u2019id\u00e9e que chaque individu poss\u00e8de en lui une force int\u00e9rieure, une \u00ab&nbsp;\u00e2me&nbsp;\u00bb, qui peut guider sa vie et l\u2019aider \u00e0 trouver sa voie. En se connectant \u00e0 cette part la plus profonde de soi, on peut acc\u00e9der \u00e0 une compr\u00e9hension plus profonde de soi-m\u00eame et de ses blocages.<\/font><\/p>\n\n\n\n<p>En travaillant sur les trois niveaux de conscience que sont le corps, l\u2019\u00e2me et le cerveau, la Sophro Analyse VAC\u00ae permet d\u2019explorer en profondeur les \u00e9l\u00e9ments conscients et inconscients qui influent sur votre comportement et votre bien-\u00eatre. Elle vise \u00e0 une harmonie entre le corps et l\u2019esprit.<\/p>\n\n\n\n<p><font _mstmutation=\"1\"><\/font><font _mstmutation=\"1\" _msttexthash=\"139139117\" _msthash=\"1489\">La sophro analyse permet de lib\u00e9rer tous les aspects de vous-m\u00eame qui souffrent, afin de vous r\u00e9unifier et de trouver un apaisement int\u00e9rieur. Elle vous aide \u00e0 prendre du recul par rapport \u00e0 vos exp\u00e9riences de vie, \u00e0 devenir conscient de vos ressources et \u00e0 les utiliser de mani\u00e8re optimale. Elle vous pousse \u00e9galement \u00e0 ouvrir votre c\u0153ur \u00e0 vous-m\u00eame, aux autres et \u00e0 l\u2019exp\u00e9rience de la vie, vous permettant ainsi de ressentir votre \u00e9nergie vitale.<\/font><\/p>\n\n\n\n<p><font _mstmutation=\"1\"><\/font><\/p>\n<\/div><figure class=\"wp-block-media-text__media\"><img loading=\"lazy\" decoding=\"async\" width=\"1024\" height=\"683\" src=\"https:\/\/marionrollandsa.com\/wp-content\/uploads\/2024\/03\/sun-5294496_1920-1-1024x683.jpg\" alt=\"\" class=\"wp-image-830 size-full\" srcset=\"https:\/\/marionrollandsa.com\/wp-content\/uploads\/2024\/03\/sun-5294496_1920-1-1024x683.jpg 1024w, https:\/\/marionrollandsa.com\/wp-content\/uploads\/2024\/03\/sun-5294496_1920-1-300x200.jpg 300w, https:\/\/marionrollandsa.com\/wp-content\/uploads\/2024\/03\/sun-5294496_1920-1-768x512.jpg 768w, https:\/\/marionrollandsa.com\/wp-content\/uploads\/2024\/03\/sun-5294496_1920-1-1536x1024.jpg 1536w, https:\/\/marionrollandsa.com\/wp-content\/uploads\/2024\/03\/sun-5294496_1920-1-90x60.jpg 90w, https:\/\/marionrollandsa.com\/wp-content\/uploads\/2024\/03\/sun-5294496_1920-1-420x280.jpg 420w, https:\/\/marionrollandsa.com\/wp-content\/uploads\/2024\/03\/sun-5294496_1920-1.jpg 1920w\" sizes=\"auto, (max-width: 1024px) 100vw, 1024px\" \/><\/figure><\/div>\n\n\n\n<p>Gr\u00e2ce \u00e0 des s\u00e9ances individualis\u00e9es et sur mesure, vous pourrez progressivement prendre conscience de vos modes de fonctionnement et apprendre \u00e0 les modifier pour vous lib\u00e9rer de vos limitations. En vous connectant \u00e0 votre force int\u00e9rieure, vous pourrez alors atteindre un niveau de s\u00e9r\u00e9nit\u00e9 et de r\u00e9alisation personnelle encore insoup\u00e7onn\u00e9.<\/p>\n\n\n\n<p><font _mstmutation=\"1\" _msttexthash=\"32878625\" _msthash=\"435\">L\u2019objectif principal de ce travail est de vous aider \u00e0 d\u00e9velopper une meilleure compr\u00e9hension de vous-m\u00eame, de vos sch\u00e9mas de pens\u00e9e et de comportement, et de trouver des moyens concrets pour atteindre les objectifs que vous vous \u00eates fix\u00e9s.<\/font><\/p>\n\n\n\n<p><font _mstmutation=\"1\"><\/font><\/p>\n\n\n\n<div style=\"height:0px\" aria-hidden=\"true\" class=\"wp-block-spacer\"><\/div>\n\n\n\n<div class=\"wp-block-essential-blocks-accordion\"><div class=\"eb-parent-wrapper eb-parent-eb-accordion-yyrdfn8 \"><div class=\"eb-accordion-container eb-accordion-yyrdfn8\" data-accordion-type=\"accordion\" data-tab-icon=\"fas fa-angle-right\" data-expanded-icon=\"fas fa-angle-down\" data-transition-duration=\"500\"><div class=\"eb-accordion-inner\">\n<div class=\"eb-accordion-item-1pyf62t eb-accordion-wrapper\" data-clickable=\"false\"><div class=\"eb-accordion-title-wrapper\" tabindex=\"0\"><span class=\"eb-accordion-icon-wrapper\"><span class=\"fas fa-angle-right eb-accordion-icon\"><\/span><\/span><h3 class=\"eb-accordion-title\">Origine de la Sophro-Analyse \u00a0VAC\u00ae<font _mstmutation=\"1\"><\/font><\/h3><\/div><div class=\"eb-accordion-content-wrapper\"><div class=\"eb-accordion-content\">\n<p>C\u2019est en 1999 que na\u00eet la Sophro Analyse Pr\u00e9natale. Claude Imbert, docteur en m\u00e9decine et sophrologie, cr\u00e9\u00e9e cette m\u00e9thode alliant la PNL (Programmation Neuro Linguistique) et l&#8217;Analyse Transactionnelle. R\u00e9v\u00e9lant l\u2019importance des cons\u00e9quences des m\u00e9moires pr\u00e9natales, de la vie intra ut\u00e9rine sur l\u2019avenir et le d\u00e9veloppement de chacun.<\/p>\n\n\n\n<p>Christine Louveau, \u00e9l\u00e8ve chevronn\u00e9e Du Dr Claude Imbert se forma \u00e0 cette m\u00e9thode th\u00e9rapeutique. Apr\u00e8s une longue expertise pratique, elle a cr\u00e9\u00e9 le centre de formation Emergence Harmonique ainsi que la m\u00e9thode \u00ab Votre \u00e2me aux commandes\u00ae \u00bb (anciennement Sophro Analyse des m\u00e9moires pr\u00e9natales de la naissance et de l\u2019enfance).<\/p>\n\n\n\n<p style=\"font-size:17px\"><\/p>\n\n\n\n<p><\/p>\n<\/div><\/div><\/div>\n\n\n\n<div class=\"eb-accordion-item-hw9nug6 eb-accordion-wrapper\" data-clickable=\"false\"><div class=\"eb-accordion-title-wrapper\" tabindex=\"0\"><span class=\"eb-accordion-icon-wrapper\"><span class=\"fas fa-angle-right eb-accordion-icon\"><\/span><\/span><h3 class=\"eb-accordion-title\">Les croyances limitantes ?<\/h3><\/div><div class=\"eb-accordion-content-wrapper\"><div class=\"eb-accordion-content\">\n<p>Les croyances limitantes sont des pens\u00e9es, des interpr\u00e9tations conscientes et souvent inconscientes, ancr\u00e9es, en r\u00e9ponse \u00e0 un \u00e9v\u00e8nement pr\u00e9cis de votre vie, un \u00e9v\u00e8nement au cours duquel vous avez \u00e9t\u00e9 bouscul\u00e9 \u00e9motionnellement. Il existe diff\u00e9rentes croyances limitantes que Christine Louveau appelle les 3 boulets&nbsp;: &nbsp;<\/p>\n\n\n\n<p><\/p>\n\n\n\n<ul class=\"wp-block-list\">\n<li><strong _istranslated=\"1\">La culpabilit\u00e9<\/strong> : <em _istranslated=\"1\">j\u2019ai rendu ma m\u00e8re malheureuse, j\u2019ai g\u00e2ch\u00e9 la vie de mes parents, c\u2019est ma faute, je m\u00e9rite<\/em><font _mstmutation=\"1\" _msttexthash=\"9100\" _msthash=\"3496\"> <\/font><em><font _mstmutation=\"1\" _msttexthash=\"19604\" _msthash=\"3497\">d<\/font>e<\/em><em _istranslated=\"1\">, je n\u2019aurais pas du, je ne devrais pas exister, je suis coupable&#8230; <\/em><font _mstmutation=\"1\" _msttexthash=\"34848502\" _msthash=\"3498\">Les croyances de culpabilit\u00e9 g\u00e9n\u00e8re de la d\u00e9valorisation. En me persuadant d\u2019\u00eatre coupable, je me consid\u00e8re automatiquement comme quelqu\u2019un de \u00ab mauvais \u00bb.<\/font><\/li>\n\n\n\n<li><strong>La d\u00e9valorisation<\/strong>&nbsp;: J<em>e n\u2019ai pas confiance en moi, je suis nul(le), je suis invisible, je ne vais pas y arriver, les autres sont mieux que moi, je suis m\u00e9chant \u2026<\/em><\/li>\n\n\n\n<li><strong>Le non amour de soi<\/strong><em>&nbsp;: Je ne suis pas aimable, je ne m\u00e9rite pas d\u2019\u00eatre aim\u00e9, je me d\u00e9teste, personne ne voudra de moi, l\u2019amour n\u2019existe pas, mieux vaut \u00eatre seul que mal accompagn\u00e9\u2026.<\/em><\/li>\n<\/ul>\n\n\n\n<p><\/p>\n\n\n\n<p>Cela signifie que nos croyances limitantes &#8211; des id\u00e9es ou convictions n\u00e9gatives que nous avons sur nous-m\u00eames, les autres ou le monde &#8211; ont un impact sur nos \u00e9motions et nos comportements de mani\u00e8re subconsciente. Ces croyances, souvent enracin\u00e9es en nous depuis longtemps, nous emp\u00eachent d&#8217;acc\u00e9der \u00e0 notre plein potentiel et de r\u00e9aliser nos objectifs. M\u00eame si nous voulons changer nos comportements ou nos \u00e9motions, il peut \u00eatre difficile de le faire simplement en utilisant notre volont\u00e9, car ces croyances sont profond\u00e9ment ancr\u00e9es en nous et sont per\u00e7ues comme des v\u00e9rit\u00e9s personnelles. Les croyances agissent \u00e9galement comme des filtres \u00e0 travers lesquels nous percevons et interpr\u00e9tons le monde qui nous entoure, influen\u00e7ant ainsi notre r\u00e9alit\u00e9 subjective.<font _mstmutation=\"1\"><\/font><\/p>\n<\/div><\/div><\/div>\n\n\n\n<div class=\"eb-accordion-item-xkm56ul eb-accordion-wrapper\" data-clickable=\"false\"><div class=\"eb-accordion-title-wrapper\" tabindex=\"0\"><span class=\"eb-accordion-icon-wrapper\"><span class=\"fas fa-angle-right eb-accordion-icon\"><\/span><\/span><h3 class=\"eb-accordion-title\">Les strat\u00e9gies ?<\/h3><\/div><div class=\"eb-accordion-content-wrapper\"><div class=\"eb-accordion-content\">\n<p>Ce sont les comportements en r\u00e9ponse \u00e0 ces croyances limitantes, qui de la m\u00eame mani\u00e8re peuvent \u00eatre mises en place d\u00e8s la vie intra ut\u00e9rine. Il en existe plusieurs&nbsp;:<\/p>\n\n\n\n<p><font _mstmutation=\"1\"><\/font><\/p>\n\n\n\n<ul class=\"wp-block-list\">\n<li><font _mstmutation=\"1\" _msttexthash=\"14491789\" _msthash=\"296\" _mstvisible=\"15\"><strong _mstmutation=\"1\" _istranslated=\"1\">Les strat\u00e9gies de punition<\/strong> ; <\/font><em _msttexthash=\"53044615\" _msthash=\"405\"><font _mstmutation=\"1\" _msttexthash=\"21616296\" _msthash=\"547\"><font _mstmutation=\"1\" _msttexthash=\"1166659\" _msthash=\"395\">je vais exister en vivant pour les autres, je vais m\u2019isoler, <\/font><em _mstmutation=\"1\" _istranslated=\"1\">je ne m\u00e9rite pas le bonheur<\/em><font _mstmutation=\"1\" _msttexthash=\"4147195\" _msthash=\"443\">, je vais souffrir, me mettre dans des situations dangereuses, je m\u00e9rite de mourir&#8230; <\/font><\/font><\/em><font _mstmutation=\"1\" _msttexthash=\"72475065\" _msthash=\"406\">; Par exemple, si vous avez la croyance que vous n\u2019\u00eates pas capable de r\u00e9ussir, la pire fa\u00e7on de manifester cette croyance sera de ne pas essayer du tout ou de saboter activement de mani\u00e8re inconsciente toutes les opportunit\u00e9s qui se pr\u00e9sentent. En agissant de cette mani\u00e8re, vous renforcez votre croyance limitante et ainsi vous limitez les chances de succ\u00e8s<\/font><font _mstmutation=\"1\" _msttexthash=\"4186\" _msthash=\"427\">.<\/font><font _mstmutation=\"1\"><\/font><\/li>\n\n\n\n<li><strong _istranslated=\"1\" _msttexthash=\"526110\" _msthash=\"975\">Les strat\u00e9gies de survie<\/strong><font _mstmutation=\"1\" _msttexthash=\"529464\" _msthash=\"1129\" _istranslated=\"1\"> <strong _istranslated=\"1\">pour arr\u00eater de souffrir <\/strong><font _mstmutation=\"1\" _msttexthash=\"5278\" _msthash=\"1472\" _istranslated=\"1\">:<\/font><\/font><font _mstmutation=\"1\" _msttexthash=\"6734\" _msthash=\"1258\"> <\/font><em _msttexthash=\"43121\" _msthash=\"1473\" _istranslated=\"1\">Je me<\/em><em _msttexthash=\"7731971\" _msthash=\"1473\" _istranslated=\"1\"> coupe de ses \u00e9motions, je me fais croire que j\u2019ai besoin de personne, je va<\/em><em _msttexthash=\"1855152\" _msthash=\"1473\" _istranslated=\"1\">is me forger une carapace, je vais me d\u00e9brouiller seul<\/em><font _mstmutation=\"1\" _msttexthash=\"4186\" _msthash=\"1474\" _istranslated=\"1\">.<\/font><font _mstmutation=\"1\" _msttexthash=\"8970\" _msthash=\"1477\" _istranslated=\"1\">.<\/font><font _mstmutation=\"1\" _msttexthash=\"4186\" _msthash=\"442\">.<\/font><\/li>\n\n\n\n<li><strong _istranslated=\"1\" _msttexthash=\"526110\" _msthash=\"778\">Les strat\u00e9gies de survie<\/strong><font _mstmutation=\"1\" _msttexthash=\"6639893\" _msthash=\"593\"><font _mstmutation=\"1\" _msttexthash=\"46618\" _msthash=\"1258\"> <strong _msttexthash=\"2434484\" _msthash=\"1335\">pour tenter d\u2019\u00eatre aim\u00e9 <\/strong><\/font><font _mstmutation=\"1\" _msttexthash=\"5278\" _msthash=\"1719\">: <\/font><\/font><em _msttexthash=\"8015956\" _msthash=\"509\">\u00eatre fort, grandir vite, \u00eatre parfait, bon \u00e9l\u00e8ve, pas faire de vague, discret, ne pas \u00eatre soi, sauveteur, faire plaisir<\/em><font _mstmutation=\"1\" _msttexthash=\"8970\" _msthash=\"713\">..<\/font><font _mstmutation=\"1\" _msttexthash=\"48223331\" _msthash=\"1720\"> Par exemple, si j\u2019ai la croyance que ma m\u00e8re ne m\u2019a pas d\u00e9sir\u00e9, je vais \u00eatre parfait, bon \u00e9l\u00e8ve dans l\u2019espoir qu\u2019elle puisse m\u2019aimer.<\/font><\/li>\n<\/ul>\n\n\n\n<p><font _mstmutation=\"1\" _mstvisible=\"13\"><\/font><\/p>\n\n\n\n<p><font _mstmutation=\"1\"><\/font><\/p>\n<\/div><\/div><\/div>\n\n\n\n<div class=\"eb-accordion-item-rkggcjo eb-accordion-wrapper\" data-clickable=\"false\"><div class=\"eb-accordion-title-wrapper\" tabindex=\"0\"><span class=\"eb-accordion-icon-wrapper\"><span class=\"fas fa-angle-right eb-accordion-icon\"><\/span><\/span><h3 class=\"eb-accordion-title\">Pour qui\u00a0?<\/h3><\/div><div class=\"eb-accordion-content-wrapper\"><div class=\"eb-accordion-content\">\n<p><font _mstmutation=\"1\" _msttexthash=\"300573\" _msthash=\"627\">La <\/font>Sophro-Analyse &nbsp;VAC\u00ae s\u2019adresse aux adultes qui souhaitent :<\/p>\n\n\n\n<p><\/p>\n\n\n\n<ul class=\"wp-block-list\">\n<li>Se lib\u00e9rer de sch\u00e9mas r\u00e9p\u00e9titifs de souffrance, de mal-\u00eatre<\/li>\n\n\n\n<li>Se d\u00e9barrasser d\u2019angoisses, de pens\u00e9es n\u00e9gatives r\u00e9currentes, de poches \u00e9motionnelles n\u00e9gatives<\/li>\n\n\n\n<li>Modifier des comportements limitants<\/li>\n\n\n\n<li><font _mstmutation=\"1\" _msttexthash=\"1323777\" _msthash=\"2328\">D\u00e9velopper une meilleure compr\u00e9hension <\/font>de soi<font _mstmutation=\"1\"><\/font><\/li>\n\n\n\n<li>G\u00e9rer mieux ses conflits int\u00e9rieurs et ext\u00e9rieurs<\/li>\n\n\n\n<li>Trouver un sens \u00e0 la vie<\/li>\n\n\n\n<li>Trouver une nouvelle compr\u00e9hension face \u00e0 des \u00e9v\u00e8nements v\u00e9cus<\/li>\n\n\n\n<li>Regarder les choses diff\u00e9remment<font _mstmutation=\"1\"><\/font><\/li>\n\n\n\n<li>Partir \u00e0 la d\u00e9couverte de soi afin de pouvoir vivre sa vie pleinement et sereinement<\/li>\n\n\n\n<li>Trouver une paix int\u00e9rieure<font _mstmutation=\"1\"><\/font><font _mstmutation=\"1\"><\/font><\/li>\n\n\n\n<li>Si vous souhaitiez prendre rdv pour votre enfant, pensez que c\u2019est en travaillant sur vos propres peurs, limites et blocages que vous les aidez aussi. En d\u00e9veloppant votre confiance en vous-m\u00eames et en apprenant \u00e0 g\u00e9rer vos \u00e9motions, vous \u00eates en mesure d\u2019accompagner vos enfants de mani\u00e8re plus sereine et bienveillante. De plus, en prenant soin de votre bien-\u00eatre physique et mental, vous \u00eates en meilleure sant\u00e9 et avez davantage d\u2019\u00e9nergie pour jouer et interagir avec vos enfants. En travaillant sur vous, vous offrez donc \u00e0 vos enfants un environnement familial plus \u00e9quilibr\u00e9 et propice \u00e0 la gestion de leurs difficult\u00e9s et leur d\u00e9veloppement harmonieux.<\/li>\n<\/ul>\n<\/div><\/div><\/div>\n<\/div><\/div><\/div><\/div>\n","protected":false},"excerpt":{"rendered":"<p>La m\u00e9thode \u00ab&nbsp;Votre \u00e2me aux commandes&nbsp;\u00bb est bas\u00e9e sur l\u2019id\u00e9e que chaque individu poss\u00e8de en lui une force int\u00e9rieure, une \u00ab&nbsp;\u00e2me&nbsp;\u00bb, qui peut guider sa &hellip; <\/p>\n","protected":false},"author":1,"featured_media":0,"parent":0,"menu_order":0,"comment_status":"closed","ping_status":"closed","template":"","meta":{"_eb_attr":"","footnotes":""},"class_list":["post-546","page","type-page","status-publish","hentry"],"_links":{"self":[{"href":"https:\/\/marionrollandsa.com\/index.php\/wp-json\/wp\/v2\/pages\/546","targetHints":{"allow":["GET"]}}],"collection":[{"href":"https:\/\/marionrollandsa.com\/index.php\/wp-json\/wp\/v2\/pages"}],"about":[{"href":"https:\/\/marionrollandsa.com\/index.php\/wp-json\/wp\/v2\/types\/page"}],"author":[{"embeddable":true,"href":"https:\/\/marionrollandsa.com\/index.php\/wp-json\/wp\/v2\/users\/1"}],"replies":[{"embeddable":true,"href":"https:\/\/marionrollandsa.com\/index.php\/wp-json\/wp\/v2\/comments?post=546"}],"version-history":[{"count":36,"href":"https:\/\/marionrollandsa.com\/index.php\/wp-json\/wp\/v2\/pages\/546\/revisions"}],"predecessor-version":[{"id":900,"href":"https:\/\/marionrollandsa.com\/index.php\/wp-json\/wp\/v2\/pages\/546\/revisions\/900"}],"wp:attachment":[{"href":"https:\/\/marionrollandsa.com\/index.php\/wp-json\/wp\/v2\/media?parent=546"}],"curies":[{"name":"wp","href":"https:\/\/api.w.org\/{rel}","templated":true}]}}